{"id":96,"date":"2013-11-13T13:53:25","date_gmt":"2013-11-13T12:53:25","guid":{"rendered":"http:\/\/hausbauenrockt.de\/?page_id=96"},"modified":"2014-05-12T08:31:20","modified_gmt":"2014-05-12T07:31:20","slug":"total-out","status":"publish","type":"page","link":"https:\/\/hausbauenrockt.de\/?page_id=96","title":{"rendered":"Der Garten"},"content":{"rendered":"<p style=\"text-align: center;\">Hier werdet Ihr St\u00fcck f\u00fcr St\u00fcck die Entstehung unseres Aussenbereiches mitverfolgen k\u00f6nnen !<\/p>\n","protected":false},"excerpt":{"rendered":"<p>Hier werdet Ihr St\u00fcck f\u00fcr St\u00fcck die Entstehung unseres Aussenbereiches mitverfolgen k\u00f6nnen !<\/p>\n","protected":false},"author":1,"featured_media":0,"parent":0,"menu_order":0,"comment_status":"open","ping_status":"open","template":"","meta":{"footnotes":""},"class_list":["post-96","page","type-page","status-publish","hentry","no-thumb"],"_links":{"self":[{"href":"https:\/\/hausbauenrockt.de\/index.php?rest_route=\/wp\/v2\/pages\/96","targetHints":{"allow":["GET"]}}],"collection":[{"href":"https:\/\/hausbauenrockt.de\/index.php?rest_route=\/wp\/v2\/pages"}],"about":[{"href":"https:\/\/hausbauenrockt.de\/index.php?rest_route=\/wp\/v2\/types\/page"}],"author":[{"embeddable":true,"href":"https:\/\/hausbauenrockt.de\/index.php?rest_route=\/wp\/v2\/users\/1"}],"replies":[{"embeddable":true,"href":"https:\/\/hausbauenrockt.de\/index.php?rest_route=%2Fwp%2Fv2%2Fcomments&post=96"}],"version-history":[{"count":2,"href":"https:\/\/hausbauenrockt.de\/index.php?rest_route=\/wp\/v2\/pages\/96\/revisions"}],"predecessor-version":[{"id":2461,"href":"https:\/\/hausbauenrockt.de\/index.php?rest_route=\/wp\/v2\/pages\/96\/revisions\/2461"}],"wp:attachment":[{"href":"https:\/\/hausbauenrockt.de\/index.php?rest_route=%2Fwp%2Fv2%2Fmedia&parent=96"}],"curies":[{"name":"wp","href":"https:\/\/api.w.org\/{rel}","templated":true}]}}